{"id":24,"date":"2024-10-10T16:02:57","date_gmt":"2024-10-10T15:02:57","guid":{"rendered":"https:\/\/cmedicinadesportiva.aefmup.pt\/?page_id=24"},"modified":"2025-10-01T21:50:37","modified_gmt":"2025-10-01T20:50:37","slug":"home","status":"publish","type":"page","link":"https:\/\/cmedicinadesportiva.aefmup.pt\/","title":{"rendered":"P\u00e1gina Inicial"},"content":{"rendered":"\t\t<div data-elementor-type=\"wp-page\" data-elementor-id=\"24\" class=\"elementor elementor-24\">\n\t\t\t\t<div class=\"elementor-element elementor-element-44be63d e-flex e-con-boxed e-con e-parent\" data-id=\"44be63d\" data-element_type=\"container\" data-settings=\"{&quot;background_background&quot;:&quot;slideshow&quot;,&quot;background_slideshow_gallery&quot;:[{&quot;id&quot;:301,&quot;url&quot;:&quot;https:\\\/\\\/cmedicinadesportiva.aefmup.pt\\\/wp-content\\\/uploads\\\/2025\\\/10\\\/AEFMUP-3-scaled.png&quot;},{&quot;id&quot;:302,&quot;url&quot;:&quot;https:\\\/\\\/cmedicinadesportiva.aefmup.pt\\\/wp-content\\\/uploads\\\/2025\\\/10\\\/AEFMUP-4-scaled.png&quot;}],&quot;background_slideshow_slide_transition&quot;:&quot;slide_right&quot;,&quot;background_slideshow_loop&quot;:&quot;yes&quot;,&quot;background_slideshow_slide_duration&quot;:5000,&quot;background_slideshow_transition_duration&quot;:500}\">\n\t\t\t\t\t<div class=\"e-con-inner\">\n\t\t<div class=\"elementor-element elementor-element-41a20a0 e-con-full e-flex elementor-invisible e-con e-child\" data-id=\"41a20a0\" data-element_type=\"container\" data-settings=\"{&quot;animation&quot;:&quot;slideInUp&quot;}\">\n\t\t\t\t<div class=\"elementor-element elementor-element-f49579f elementor-widget elementor-widget-heading\" data-id=\"f49579f\" data-element_type=\"widget\" data-widget_type=\"heading.default\">\n\t\t\t\t<div class=\"elementor-widget-container\">\n\t\t\t<h2 class=\"elementor-heading-title elementor-size-default\">X Curso de<br>Medicina Desportiva<\/h2>\t\t<\/div>\n\t\t\t\t<\/div>\n\t\t\t\t<div class=\"elementor-element elementor-element-3dbc651 elementor-widget elementor-widget-heading\" data-id=\"3dbc651\" data-element_type=\"widget\" data-widget_type=\"heading.default\">\n\t\t\t\t<div class=\"elementor-widget-container\">\n\t\t\t<h2 class=\"elementor-heading-title elementor-size-default\">4 de outubro, 2025<\/h2>\t\t<\/div>\n\t\t\t\t<\/div>\n\t\t\t\t<\/div>\n\t\t\t\t\t<\/div>\n\t\t\t\t<\/div>\n\t\t<div class=\"elementor-element elementor-element-87de05e e-flex e-con-boxed e-con e-parent\" data-id=\"87de05e\" data-element_type=\"container\" data-settings=\"{&quot;background_background&quot;:&quot;classic&quot;}\">\n\t\t\t\t\t<div class=\"e-con-inner\">\n\t\t\t\t<div class=\"elementor-element elementor-element-9e50f05 elementor-widget elementor-widget-spacer\" data-id=\"9e50f05\" data-element_type=\"widget\" data-widget_type=\"spacer.default\">\n\t\t\t\t<div class=\"elementor-widget-container\">\n\t\t\t\t\t<div class=\"elementor-spacer\">\n\t\t\t<div class=\"elementor-spacer-inner\"><\/div>\n\t\t<\/div>\n\t\t\t\t<\/div>\n\t\t\t\t<\/div>\n\t\t<div class=\"elementor-element elementor-element-31f5df9 e-con-full e-flex e-con e-child\" data-id=\"31f5df9\" data-element_type=\"container\">\n\t\t\t\t<div class=\"elementor-element elementor-element-c1723c7 elementor-widget elementor-widget-heading\" data-id=\"c1723c7\" data-element_type=\"widget\" data-widget_type=\"heading.default\">\n\t\t\t\t<div class=\"elementor-widget-container\">\n\t\t\t<h3 class=\"elementor-heading-title elementor-size-default\">O Curso de Medicina Desportiva<\/h3>\t\t<\/div>\n\t\t\t\t<\/div>\n\t\t\t\t<div class=\"elementor-element elementor-element-75f512d elementor-widget elementor-widget-text-editor\" data-id=\"75f512d\" data-element_type=\"widget\" data-widget_type=\"text-editor.default\">\n\t\t\t\t<div class=\"elementor-widget-container\">\n\t\t\t\t\t\t\t<p><span style=\"font-size: 16px; font-weight: 400;\">A pr\u00e1tica de Atividade F\u00edsica acompanha a Humanidade desde os seus prim\u00f3rdios. Hoje, o desporto \u00e9 uma \u00e1rea complexa e multidisciplinar, associada ao bem-estar f\u00edsico, ps\u00edquico e social. Neste \u00e2mbito, surge a medicina desportiva como uma vertente decisiva para a manuten\u00e7\u00e3o da pr\u00e1tica regular de exerc\u00edcio f\u00edsico, seja ela recreativa ou profissional.<\/span><\/p><p><span style=\"font-weight: 400;\">O Curso de Medicina Desportiva, uma iniciativa da Associa\u00e7\u00e3o de Estudantes da Faculdade de Medicina da Universidade do Porto em parceria com o Professor Doutor Jo\u00e3o Torres, apresenta-se como uma oportunidade de complementar a forma\u00e7\u00e3o de estudantes e profissionais, das \u00e1reas da sa\u00fade e desporto, atrav\u00e9s da aplica\u00e7\u00e3o pr\u00e1tica de conceitos na \u00e1rea da Medicina Desportiva, com incid\u00eancia em todas as suas vertentes.<\/span><\/p>\t\t\t\t\t\t<\/div>\n\t\t\t\t<\/div>\n\t\t\t\t<div class=\"elementor-element elementor-element-511a6a2 elementor-align-center elementor-widget elementor-widget-button\" data-id=\"511a6a2\" data-element_type=\"widget\" data-widget_type=\"button.default\">\n\t\t\t\t<div class=\"elementor-widget-container\">\n\t\t\t\t\t<div class=\"elementor-button-wrapper\">\n\t\t\t<a class=\"elementor-button elementor-button-link elementor-size-sm\" href=\"https:\/\/cmedicinadesportiva.aefmup.pt\/?page_id=26\">\n\t\t\t\t\t\t<span class=\"elementor-button-content-wrapper\">\n\t\t\t\t\t\t\t\t\t<span class=\"elementor-button-text\">Saber Mais<\/span>\n\t\t\t\t\t<\/span>\n\t\t\t\t\t<\/a>\n\t\t<\/div>\n\t\t\t\t<\/div>\n\t\t\t\t<\/div>\n\t\t\t\t<\/div>\n\t\t\t\t\t<\/div>\n\t\t\t\t<\/div>\n\t\t<div class=\"elementor-element elementor-element-3a37ef9 e-flex e-con-boxed e-con e-parent\" data-id=\"3a37ef9\" data-element_type=\"container\" data-settings=\"{&quot;background_background&quot;:&quot;classic&quot;}\">\n\t\t\t\t\t<div class=\"e-con-inner\">\n\t\t\t\t<div class=\"elementor-element elementor-element-55db0bc elementor-widget elementor-widget-spacer\" data-id=\"55db0bc\" data-element_type=\"widget\" data-widget_type=\"spacer.default\">\n\t\t\t\t<div class=\"elementor-widget-container\">\n\t\t\t\t\t<div class=\"elementor-spacer\">\n\t\t\t<div class=\"elementor-spacer-inner\"><\/div>\n\t\t<\/div>\n\t\t\t\t<\/div>\n\t\t\t\t<\/div>\n\t\t\t\t\t<\/div>\n\t\t\t\t<\/div>\n\t\t<div class=\"elementor-element elementor-element-43b3ae9 e-flex e-con-boxed e-con e-parent\" data-id=\"43b3ae9\" data-element_type=\"container\" data-settings=\"{&quot;background_background&quot;:&quot;classic&quot;}\">\n\t\t\t\t\t<div class=\"e-con-inner\">\n\t\t<div class=\"elementor-element elementor-element-388f473 e-con-full e-flex e-con e-child\" data-id=\"388f473\" data-element_type=\"container\">\n\t\t\t\t<div class=\"elementor-element elementor-element-6b1f77b elementor-widget elementor-widget-google_maps\" data-id=\"6b1f77b\" data-element_type=\"widget\" data-widget_type=\"google_maps.default\">\n\t\t\t\t<div class=\"elementor-widget-container\">\n\t\t\t\t\t<div class=\"elementor-custom-embed\">\n\t\t\t<iframe loading=\"lazy\"\n\t\t\t\t\tsrc=\"https:\/\/maps.google.com\/maps?q=Faculdade%20de%20Medicina%20da%20Universidade%20do%20Porto&#038;t=m&#038;z=14&#038;output=embed&#038;iwloc=near\"\n\t\t\t\t\ttitle=\"Faculdade de Medicina da Universidade do Porto\"\n\t\t\t\t\taria-label=\"Faculdade de Medicina da Universidade do Porto\"\n\t\t\t><\/iframe>\n\t\t<\/div>\n\t\t\t\t<\/div>\n\t\t\t\t<\/div>\n\t\t\t\t<\/div>\n\t\t<div class=\"elementor-element elementor-element-f524fbd e-con-full e-flex e-con e-child\" data-id=\"f524fbd\" data-element_type=\"container\">\n\t\t\t\t<div class=\"elementor-element elementor-element-453b91b elementor-widget elementor-widget-heading\" data-id=\"453b91b\" data-element_type=\"widget\" data-widget_type=\"heading.default\">\n\t\t\t\t<div class=\"elementor-widget-container\">\n\t\t\t<h2 class=\"elementor-heading-title elementor-size-default\">Fale connosco<\/h2>\t\t<\/div>\n\t\t\t\t<\/div>\n\t\t\t\t<div class=\"elementor-element elementor-element-9530934 elementor-widget elementor-widget-text-editor\" data-id=\"9530934\" data-element_type=\"widget\" data-widget_type=\"text-editor.default\">\n\t\t\t\t<div class=\"elementor-widget-container\">\n\t\t\t\t\t\t\t<p>Alameda Prof. Hern\u00e2ni Monteiro, 4200-319 Porto<\/p>\n<p>41\u00b010\u203252.23\u2033 N, 8\u00b036\u20194.67\u2033 W<\/p>\n<p><b>cmedicinadesportiva@aefmup.pt<\/b><\/p>\n<p>+351 22 507 4370<\/p>\t\t\t\t\t\t<\/div>\n\t\t\t\t<\/div>\n\t\t\t\t<\/div>\n\t\t\t\t\t<\/div>\n\t\t\t\t<\/div>\n\t\t\t\t<\/div>\n\t\t","protected":false},"excerpt":{"rendered":"<p>X Curso deMedicina Desportiva 4 de outubro, 2025 O Curso de Medicina Desportiva A pr\u00e1tica de Atividade F\u00edsica acompanha a [&hellip;]<\/p>\n","protected":false},"author":1,"featured_media":0,"parent":0,"menu_order":0,"comment_status":"closed","ping_status":"closed","template":"","meta":{"site-sidebar-layout":"no-sidebar","site-content-layout":"","ast-site-content-layout":"full-width-container","site-content-style":"default","site-sidebar-style":"default","ast-global-header-display":"","ast-banner-title-visibility":"","ast-main-header-display":"","ast-hfb-above-header-display":"","ast-hfb-below-header-display":"","ast-hfb-mobile-header-display":"","site-post-title":"disabled","ast-breadcrumbs-content":"","ast-featured-img":"disabled","footer-sml-layout":"","theme-transparent-header-meta":"","adv-header-id-meta":"","stick-header-meta":"","header-above-stick-meta":"","header-main-stick-meta":"","header-below-stick-meta":"","astra-migrate-meta-layouts":"default","ast-page-background-enabled":"default","ast-page-background-meta":{"desktop":{"background-color":"var(--ast-global-color-4)","background-image":"","background-repeat":"repeat","background-position":"center center","background-size":"auto","background-attachment":"scroll","background-type":"","background-media":"","overlay-type":"","overlay-color":"","overlay-opacity":"","overlay-gradient":""},"tablet":{"background-color":"","background-image":"","background-repeat":"repeat","background-position":"center center","background-size":"auto","background-attachment":"scroll","background-type":"","background-media":"","overlay-type":"","overlay-color":"","overlay-opacity":"","overlay-gradient":""},"mobile":{"background-color":"","background-image":"","background-repeat":"repeat","background-position":"center center","background-size":"auto","background-attachment":"scroll","background-type":"","background-media":"","overlay-type":"","overlay-color":"","overlay-opacity":"","overlay-gradient":""}},"ast-content-background-meta":{"desktop":{"background-color":"var(--ast-global-color-5)","background-image":"","background-repeat":"repeat","background-position":"center center","background-size":"auto","background-attachment":"scroll","background-type":"","background-media":"","overlay-type":"","overlay-color":"","overlay-opacity":"","overlay-gradient":""},"tablet":{"background-color":"var(--ast-global-color-5)","background-image":"","background-repeat":"repeat","background-position":"center center","background-size":"auto","background-attachment":"scroll","background-type":"","background-media":"","overlay-type":"","overlay-color":"","overlay-opacity":"","overlay-gradient":""},"mobile":{"background-color":"var(--ast-global-color-5)","background-image":"","background-repeat":"repeat","background-position":"center center","background-size":"auto","background-attachment":"scroll","background-type":"","background-media":"","overlay-type":"","overlay-color":"","overlay-opacity":"","overlay-gradient":""}},"footnotes":""},"class_list":["post-24","page","type-page","status-publish","hentry"],"yoast_head":"<!-- This site is optimized with the Yoast SEO plugin v23.7 - https:\/\/yoast.com\/wordpress\/plugins\/seo\/ -->\n<title>P\u00e1gina Inicial - Curso de Medicina Desportiva<\/title>\n<meta name=\"robots\" content=\"index, follow, max-snippet:-1, max-image-preview:large, max-video-preview:-1\" \/>\n<link rel=\"canonical\" href=\"https:\/\/cmedicinadesportiva.aefmup.pt\/\" \/>\n<meta property=\"og:locale\" content=\"pt_PT\" \/>\n<meta property=\"og:type\" content=\"article\" \/>\n<meta property=\"og:title\" content=\"P\u00e1gina Inicial - Curso de Medicina Desportiva\" \/>\n<meta property=\"og:description\" content=\"X Curso deMedicina Desportiva 4 de outubro, 2025 O Curso de Medicina Desportiva A pr\u00e1tica de Atividade F\u00edsica acompanha a [&hellip;]\" \/>\n<meta property=\"og:url\" content=\"https:\/\/cmedicinadesportiva.aefmup.pt\/\" \/>\n<meta property=\"og:site_name\" content=\"Curso de Medicina Desportiva\" \/>\n<meta property=\"article:modified_time\" content=\"2025-10-01T20:50:37+00:00\" \/>\n<meta name=\"twitter:card\" content=\"summary_large_image\" \/>\n<meta name=\"twitter:label1\" content=\"Tempo estimado de leitura\" \/>\n\t<meta name=\"twitter:data1\" content=\"1 minuto\" \/>\n<script type=\"application\/ld+json\" class=\"yoast-schema-graph\">{\"@context\":\"https:\/\/schema.org\",\"@graph\":[{\"@type\":\"WebPage\",\"@id\":\"https:\/\/cmedicinadesportiva.aefmup.pt\/\",\"url\":\"https:\/\/cmedicinadesportiva.aefmup.pt\/\",\"name\":\"P\u00e1gina Inicial - Curso de Medicina Desportiva\",\"isPartOf\":{\"@id\":\"https:\/\/cmedicinadesportiva.aefmup.pt\/#website\"},\"datePublished\":\"2024-10-10T15:02:57+00:00\",\"dateModified\":\"2025-10-01T20:50:37+00:00\",\"breadcrumb\":{\"@id\":\"https:\/\/cmedicinadesportiva.aefmup.pt\/#breadcrumb\"},\"inLanguage\":\"pt-PT\",\"potentialAction\":[{\"@type\":\"ReadAction\",\"target\":[\"https:\/\/cmedicinadesportiva.aefmup.pt\/\"]}]},{\"@type\":\"BreadcrumbList\",\"@id\":\"https:\/\/cmedicinadesportiva.aefmup.pt\/#breadcrumb\",\"itemListElement\":[{\"@type\":\"ListItem\",\"position\":1,\"name\":\"In\u00edcio\",\"item\":\"https:\/\/cmedicinadesportiva.aefmup.pt\/\"},{\"@type\":\"ListItem\",\"position\":2,\"name\":\"P\u00e1gina Inicial\"}]},{\"@type\":\"WebSite\",\"@id\":\"https:\/\/cmedicinadesportiva.aefmup.pt\/#website\",\"url\":\"https:\/\/cmedicinadesportiva.aefmup.pt\/\",\"name\":\"Curso de Medicina Desportiva\",\"description\":\"Curso de Medicina Desportiva - AEFMUP\",\"potentialAction\":[{\"@type\":\"SearchAction\",\"target\":{\"@type\":\"EntryPoint\",\"urlTemplate\":\"https:\/\/cmedicinadesportiva.aefmup.pt\/?s={search_term_string}\"},\"query-input\":{\"@type\":\"PropertyValueSpecification\",\"valueRequired\":true,\"valueName\":\"search_term_string\"}}],\"inLanguage\":\"pt-PT\"}]}<\/script>\n<!-- \/ Yoast SEO plugin. -->","yoast_head_json":{"title":"P\u00e1gina Inicial - Curso de Medicina Desportiva","robots":{"index":"index","follow":"follow","max-snippet":"max-snippet:-1","max-image-preview":"max-image-preview:large","max-video-preview":"max-video-preview:-1"},"canonical":"https:\/\/cmedicinadesportiva.aefmup.pt\/","og_locale":"pt_PT","og_type":"article","og_title":"P\u00e1gina Inicial - Curso de Medicina Desportiva","og_description":"X Curso deMedicina Desportiva 4 de outubro, 2025 O Curso de Medicina Desportiva A pr\u00e1tica de Atividade F\u00edsica acompanha a [&hellip;]","og_url":"https:\/\/cmedicinadesportiva.aefmup.pt\/","og_site_name":"Curso de Medicina Desportiva","article_modified_time":"2025-10-01T20:50:37+00:00","twitter_card":"summary_large_image","twitter_misc":{"Tempo estimado de leitura":"1 minuto"},"schema":{"@context":"https:\/\/schema.org","@graph":[{"@type":"WebPage","@id":"https:\/\/cmedicinadesportiva.aefmup.pt\/","url":"https:\/\/cmedicinadesportiva.aefmup.pt\/","name":"P\u00e1gina Inicial - Curso de Medicina Desportiva","isPartOf":{"@id":"https:\/\/cmedicinadesportiva.aefmup.pt\/#website"},"datePublished":"2024-10-10T15:02:57+00:00","dateModified":"2025-10-01T20:50:37+00:00","breadcrumb":{"@id":"https:\/\/cmedicinadesportiva.aefmup.pt\/#breadcrumb"},"inLanguage":"pt-PT","potentialAction":[{"@type":"ReadAction","target":["https:\/\/cmedicinadesportiva.aefmup.pt\/"]}]},{"@type":"BreadcrumbList","@id":"https:\/\/cmedicinadesportiva.aefmup.pt\/#breadcrumb","itemListElement":[{"@type":"ListItem","position":1,"name":"In\u00edcio","item":"https:\/\/cmedicinadesportiva.aefmup.pt\/"},{"@type":"ListItem","position":2,"name":"P\u00e1gina Inicial"}]},{"@type":"WebSite","@id":"https:\/\/cmedicinadesportiva.aefmup.pt\/#website","url":"https:\/\/cmedicinadesportiva.aefmup.pt\/","name":"Curso de Medicina Desportiva","description":"Curso de Medicina Desportiva - AEFMUP","potentialAction":[{"@type":"SearchAction","target":{"@type":"EntryPoint","urlTemplate":"https:\/\/cmedicinadesportiva.aefmup.pt\/?s={search_term_string}"},"query-input":{"@type":"PropertyValueSpecification","valueRequired":true,"valueName":"search_term_string"}}],"inLanguage":"pt-PT"}]}},"_links":{"self":[{"href":"https:\/\/cmedicinadesportiva.aefmup.pt\/index.php?rest_route=\/wp\/v2\/pages\/24","targetHints":{"allow":["GET"]}}],"collection":[{"href":"https:\/\/cmedicinadesportiva.aefmup.pt\/index.php?rest_route=\/wp\/v2\/pages"}],"about":[{"href":"https:\/\/cmedicinadesportiva.aefmup.pt\/index.php?rest_route=\/wp\/v2\/types\/page"}],"author":[{"embeddable":true,"href":"https:\/\/cmedicinadesportiva.aefmup.pt\/index.php?rest_route=\/wp\/v2\/users\/1"}],"replies":[{"embeddable":true,"href":"https:\/\/cmedicinadesportiva.aefmup.pt\/index.php?rest_route=%2Fwp%2Fv2%2Fcomments&post=24"}],"version-history":[{"count":65,"href":"https:\/\/cmedicinadesportiva.aefmup.pt\/index.php?rest_route=\/wp\/v2\/pages\/24\/revisions"}],"predecessor-version":[{"id":305,"href":"https:\/\/cmedicinadesportiva.aefmup.pt\/index.php?rest_route=\/wp\/v2\/pages\/24\/revisions\/305"}],"wp:attachment":[{"href":"https:\/\/cmedicinadesportiva.aefmup.pt\/index.php?rest_route=%2Fwp%2Fv2%2Fmedia&parent=24"}],"curies":[{"name":"wp","href":"https:\/\/api.w.org\/{rel}","templated":true}]}}